{"id":497,"date":"2022-01-09T20:47:38","date_gmt":"2022-01-09T20:47:38","guid":{"rendered":"https:\/\/privid.si\/?page_id=497"},"modified":"2024-12-16T07:03:54","modified_gmt":"2024-12-16T07:03:54","slug":"nostalgiki","status":"publish","type":"page","link":"https:\/\/privid.si\/en\/nostalgiki\/","title":{"rendered":"Nostalgiki"},"content":{"rendered":"<div class=\"wp-block-cover alignfull is-light has-custom-content-position is-position-top-left\" style=\"min-height:100vh;aspect-ratio:unset;\"><span aria-hidden=\"true\" class=\"wp-block-cover__background has-background-dim-0 has-background-dim\" style=\"background-color:#8f7f5b\"><\/span><img data-recalc-dims=\"1\" loading=\"lazy\" decoding=\"async\" width=\"2231\" height=\"1706\" data-attachment-id=\"4530\" data-permalink=\"https:\/\/privid.si\/en\/nostalgiki\/attachment\/img_0219\/\" data-orig-file=\"https:\/\/i0.wp.com\/privid.si\/wp-content\/uploads\/2024\/09\/IMG_0219-scaled-e1726381240470.jpg?fit=2231%2C1706&amp;ssl=1\" data-orig-size=\"2231,1706\" data-comments-opened=\"0\" data-image-meta=\"{&quot;aperture&quot;:&quot;2.8&quot;,&quot;credit&quot;:&quot;Matjaz Vertus&quot;,&quot;camera&quot;:&quot;ILCE-7C&quot;,&quot;caption&quot;:&quot;&quot;,&quot;created_timestamp&quot;:&quot;1666536807&quot;,&quot;copyright&quot;:&quot;www.vertus.si&quot;,&quot;focal_length&quot;:&quot;50&quot;,&quot;iso&quot;:&quot;200&quot;,&quot;shutter_speed&quot;:&quot;0.004&quot;,&quot;title&quot;:&quot;&quot;,&quot;orientation&quot;:&quot;1&quot;}\" data-image-title=\"IMG_0219\" data-image-description=\"\" data-image-caption=\"\" data-medium-file=\"https:\/\/i0.wp.com\/privid.si\/wp-content\/uploads\/2024\/09\/IMG_0219-scaled-e1726381240470.jpg?fit=300%2C229&amp;ssl=1\" data-large-file=\"https:\/\/i0.wp.com\/privid.si\/wp-content\/uploads\/2024\/09\/IMG_0219-scaled-e1726381240470.jpg?fit=1024%2C783&amp;ssl=1\" sizes=\"auto, (max-width: 799px) 200vw,(max-width: 2231px) 100vw,2231px\" class=\"wp-block-cover__image-background wp-image-4530\" alt=\"\" src=\"https:\/\/i0.wp.com\/privid.si\/wp-content\/uploads\/2024\/09\/IMG_0219-scaled-e1726381240470.jpg?resize=2231%2C1706&#038;ssl=1\" style=\"object-position:88% 32%\" data-object-fit=\"cover\" data-object-position=\"88% 32%\" srcset=\"https:\/\/i0.wp.com\/privid.si\/wp-content\/uploads\/2024\/09\/IMG_0219-scaled-e1726381240470.jpg?w=2231&amp;ssl=1 2231w, https:\/\/i0.wp.com\/privid.si\/wp-content\/uploads\/2024\/09\/IMG_0219-scaled-e1726381240470.jpg?resize=300%2C229&amp;ssl=1 300w, https:\/\/i0.wp.com\/privid.si\/wp-content\/uploads\/2024\/09\/IMG_0219-scaled-e1726381240470.jpg?resize=1024%2C783&amp;ssl=1 1024w, https:\/\/i0.wp.com\/privid.si\/wp-content\/uploads\/2024\/09\/IMG_0219-scaled-e1726381240470.jpg?resize=768%2C587&amp;ssl=1 768w, https:\/\/i0.wp.com\/privid.si\/wp-content\/uploads\/2024\/09\/IMG_0219-scaled-e1726381240470.jpg?resize=1536%2C1175&amp;ssl=1 1536w, https:\/\/i0.wp.com\/privid.si\/wp-content\/uploads\/2024\/09\/IMG_0219-scaled-e1726381240470.jpg?resize=2048%2C1566&amp;ssl=1 2048w, https:\/\/i0.wp.com\/privid.si\/wp-content\/uploads\/2024\/09\/IMG_0219-scaled-e1726381240470.jpg?resize=16%2C12&amp;ssl=1 16w, https:\/\/i0.wp.com\/privid.si\/wp-content\/uploads\/2024\/09\/IMG_0219-scaled-e1726381240470.jpg?resize=500%2C382&amp;ssl=1 500w, https:\/\/i0.wp.com\/privid.si\/wp-content\/uploads\/2024\/09\/IMG_0219-scaled-e1726381240470.jpg?resize=800%2C612&amp;ssl=1 800w, https:\/\/i0.wp.com\/privid.si\/wp-content\/uploads\/2024\/09\/IMG_0219-scaled-e1726381240470.jpg?resize=1280%2C979&amp;ssl=1 1280w, https:\/\/i0.wp.com\/privid.si\/wp-content\/uploads\/2024\/09\/IMG_0219-scaled-e1726381240470.jpg?resize=1920%2C1468&amp;ssl=1 1920w\" \/><div class=\"wp-block-cover__inner-container has-global-padding is-layout-constrained wp-block-cover-is-layout-constrained\">\n<p class=\"has-text-align-center text-shadow has-luminous-vivid-amber-color has-text-color has-link-color has-playfair-display-font-family has-xx-large-font-size wp-elements-2a68770559fbefdce7af9d38e50b3cf5\" style=\"font-style:italic;font-weight:900\">Nostalgiki<\/p>\n<\/div><\/div>\n\n\n\n<p class=\"has-large-font-size\">Primo\u017e Vidovi\u010d &amp; Nostalgiki z d\u017eezovsko prostodu\u0161nostjo preigravajo pesmi, ki so se igrale neko\u010d, in pi\u0161ejo nove, ki bi se lahko bile. Po svetovnih in doma\u010dih zakladnicah brskajo za zimzelenimi popevkami, avtorske pa prema\u017eejo s patino nostalgije. Rado\u017eive ritme, od svinga do bossa nove in bolera, za\u010dinijo z igrivo improvizacijo in duhovitimi besedili, da bi pre\u0161erno odslikavali in popestrili dandana\u0161njost.<\/p>\n\n\n\n<p><strong>Primo\u017e Vidovi\u010d<\/strong> je pevec in kantavtor, eden vidnej\u0161ih slovenskih \u0161ansonjerjev in interpret popevk ter d\u017eezovskih standardov. Za avtorsko glasbo je prejel \u0161tevilne nagrade, od zlate kante na Kantfestu, nagrade srbskega Taktfesta do uvrstitve v finale Festivala slovenskega \u0161ansona. V zasedbi Nostalgiki mu dru\u017ebo najpogosteje dela d\u017eezovski kitarist <strong>Matja\u017e Daj\u010dar<\/strong>, pridru\u017eijo pa se jima raznoteri glasbeni prijatelji. Igrajo tako koncertne programe (Festival Lent, Ptujska no\u010d), radi pa pospremijo tudi prilo\u017enostne prireditve ali dru\u017eabne dogodke.<\/p>\n\n\n\n<ul class=\"wp-block-social-links items-justified-center is-style-default is-layout-flex wp-block-social-links-is-layout-flex\"><li class=\"wp-social-link wp-social-link-mail  wp-block-social-link\"><a href=\"mailto:p&#114;&#046;&#118;&#105;&#100;ovic&#064;&#103;&#109;a&#105;l&#046;&#099;&#111;&#109;\" class=\"wp-block-social-link-anchor\"><svg width=\"24\" height=\"24\" viewbox=\"0 0 24 24\" version=\"1.1\" xmlns=\"http:\/\/www.w3.org\/2000\/svg\" aria-hidden=\"true\" focusable=\"false\"><path d=\"M19,5H5c-1.1,0-2,.9-2,2v10c0,1.1.9,2,2,2h14c1.1,0,2-.9,2-2V7c0-1.1-.9-2-2-2zm.5,12c0,.3-.2.5-.5.5H5c-.3,0-.5-.2-.5-.5V9.8l7.5,5.6,7.5-5.6V17zm0-9.1L12,13.6,4.5,7.9V7c0-.3.2-.5.5-.5h14c.3,0,.5.2.5.5v.9z\"><\/path><\/svg><span class=\"wp-block-social-link-label screen-reader-text\">Mail<\/span><\/a><\/li>\n\n<li class=\"wp-social-link wp-social-link-facebook  wp-block-social-link\"><a href=\"https:\/\/www.facebook.com\/nostalgiki\" class=\"wp-block-social-link-anchor\"><svg width=\"24\" height=\"24\" viewbox=\"0 0 24 24\" version=\"1.1\" xmlns=\"http:\/\/www.w3.org\/2000\/svg\" aria-hidden=\"true\" focusable=\"false\"><path d=\"M12 2C6.5 2 2 6.5 2 12c0 5 3.7 9.1 8.4 9.9v-7H7.9V12h2.5V9.8c0-2.5 1.5-3.9 3.8-3.9 1.1 0 2.2.2 2.2.2v2.5h-1.3c-1.2 0-1.6.8-1.6 1.6V12h2.8l-.4 2.9h-2.3v7C18.3 21.1 22 17 22 12c0-5.5-4.5-10-10-10z\"><\/path><\/svg><span class=\"wp-block-social-link-label screen-reader-text\">Facebook<\/span><\/a><\/li>\n\n<li class=\"wp-social-link wp-social-link-youtube  wp-block-social-link\"><a href=\"https:\/\/www.youtube.com\/channel\/UCUoyW4LO15HTr94tgFON04g\" class=\"wp-block-social-link-anchor\"><svg width=\"24\" height=\"24\" viewbox=\"0 0 24 24\" version=\"1.1\" xmlns=\"http:\/\/www.w3.org\/2000\/svg\" aria-hidden=\"true\" focusable=\"false\"><path d=\"M21.8,8.001c0,0-0.195-1.378-0.795-1.985c-0.76-0.797-1.613-0.801-2.004-0.847c-2.799-0.202-6.997-0.202-6.997-0.202 h-0.009c0,0-4.198,0-6.997,0.202C4.608,5.216,3.756,5.22,2.995,6.016C2.395,6.623,2.2,8.001,2.2,8.001S2,9.62,2,11.238v1.517 c0,1.618,0.2,3.237,0.2,3.237s0.195,1.378,0.795,1.985c0.761,0.797,1.76,0.771,2.205,0.855c1.6,0.153,6.8,0.201,6.8,0.201 s4.203-0.006,7.001-0.209c0.391-0.047,1.243-0.051,2.004-0.847c0.6-0.607,0.795-1.985,0.795-1.985s0.2-1.618,0.2-3.237v-1.517 C22,9.62,21.8,8.001,21.8,8.001z M9.935,14.594l-0.001-5.62l5.404,2.82L9.935,14.594z\"><\/path><\/svg><span class=\"wp-block-social-link-label screen-reader-text\">YouTube<\/span><\/a><\/li><\/ul>\n\n\n\n<figure class=\"wp-block-embed is-type-video is-provider-youtube wp-block-embed-youtube wp-embed-aspect-16-9 wp-has-aspect-ratio\"><div class=\"wp-block-embed__wrapper\">\n<iframe loading=\"lazy\" title=\"Primo\u017e Vidovi\u010d - Ptice padajo (Videospot)\" width=\"500\" height=\"281\" src=\"https:\/\/www.youtube.com\/embed\/KqBx2rf669Q?feature=oembed\" frameborder=\"0\" allow=\"accelerometer; autoplay; clipboard-write; encrypted-media; gyroscope; picture-in-picture; web-share\" referrerpolicy=\"strict-origin-when-cross-origin\" allowfullscreen><\/iframe>\n<\/div><figcaption class=\"wp-element-caption\">r<\/figcaption><\/figure>\n\n\n\n<figure class=\"wp-block-embed is-type-video is-provider-youtube wp-block-embed-youtube wp-embed-aspect-16-9 wp-has-aspect-ratio\"><div class=\"wp-block-embed__wrapper\">\n<iframe loading=\"lazy\" title=\"Nostalgiki - Ali spi\u0161?\" width=\"500\" height=\"281\" src=\"https:\/\/www.youtube.com\/embed\/pmRY01RTLUk?feature=oembed\" frameborder=\"0\" allow=\"accelerometer; autoplay; clipboard-write; encrypted-media; gyroscope; picture-in-picture; web-share\" referrerpolicy=\"strict-origin-when-cross-origin\" allowfullscreen><\/iframe>\n<\/div><\/figure>\n\n\n\n<figure class=\"wp-block-embed is-type-video is-provider-youtube wp-block-embed-youtube wp-embed-aspect-16-9 wp-has-aspect-ratio\"><div class=\"wp-block-embed__wrapper\">\n<iframe loading=\"lazy\" title=\"PRIMO\u017d VIDOVI\u010c - Pa vendar, draga - Slovenska nota 2021 - Finale\" width=\"500\" height=\"281\" src=\"https:\/\/www.youtube.com\/embed\/fh7Rr8mXVPc?feature=oembed\" frameborder=\"0\" allow=\"accelerometer; autoplay; clipboard-write; encrypted-media; gyroscope; picture-in-picture; web-share\" referrerpolicy=\"strict-origin-when-cross-origin\" allowfullscreen><\/iframe>\n<\/div><\/figure>\n\n\n\n<figure class=\"wp-block-audio\"><audio controls src=\"https:\/\/privid.si\/wp-content\/uploads\/2022\/01\/Vidovic-Pa-vendar-draga.wav\"><\/audio><figcaption class=\"wp-element-caption\">Single: Pa vendar, draga<\/figcaption><\/figure>\n\n\n\n<div class=\"wp-block-jetpack-tiled-gallery alignfull is-style-rectangular\"><div class=\"\"><div class=\"tiled-gallery__gallery\"><div class=\"tiled-gallery__row\"><div class=\"tiled-gallery__col\" style=\"flex-basis:14.40862%\"><figure class=\"tiled-gallery__item\"><img decoding=\"async\" data-attachment-id=\"193\" data-permalink=\"https:\/\/privid.si\/en\/glasba\/pozor-muzika-na-cesti-na-festivalu-lent\/attachment\/203997578_4099059703506906_1969974352372184360_n-2\/\" data-orig-file=\"https:\/\/i0.wp.com\/privid.si\/wp-content\/uploads\/2021\/08\/203997578_4099059703506906_1969974352372184360_n-2.jpg?fit=1459%2C2048&amp;ssl=1\" data-orig-size=\"1459,2048\" data-comments-opened=\"0\" data-image-meta=\"{&quot;aperture&quot;:&quot;0&quot;,&quot;credit&quot;:&quot;Picasa&quot;,&quot;camera&quot;:&quot;&quot;,&quot;caption&quot;:&quot;&quot;,&quot;created_timestamp&quot;:&quot;0&quot;,&quot;copyright&quot;:&quot;&quot;,&quot;focal_length&quot;:&quot;0&quot;,&quot;iso&quot;:&quot;0&quot;,&quot;shutter_speed&quot;:&quot;0&quot;,&quot;title&quot;:&quot;&quot;,&quot;orientation&quot;:&quot;0&quot;}\" data-image-title=\"203997578_4099059703506906_1969974352372184360_n-2\" data-image-description=\"\" data-image-caption=\"\" data-medium-file=\"https:\/\/i0.wp.com\/privid.si\/wp-content\/uploads\/2021\/08\/203997578_4099059703506906_1969974352372184360_n-2.jpg?fit=214%2C300&amp;ssl=1\" data-large-file=\"https:\/\/i0.wp.com\/privid.si\/wp-content\/uploads\/2021\/08\/203997578_4099059703506906_1969974352372184360_n-2.jpg?fit=730%2C1024&amp;ssl=1\" role=\"button\" tabindex=\"0\" aria-label=\"Open image 1 of 5 in full-screen\" srcset=\"https:\/\/i0.wp.com\/privid.si\/wp-content\/uploads\/2021\/08\/203997578_4099059703506906_1969974352372184360_n-2-730x1024.jpg?strip=info&#038;w=600&#038;ssl=1 600w,https:\/\/i0.wp.com\/privid.si\/wp-content\/uploads\/2021\/08\/203997578_4099059703506906_1969974352372184360_n-2-730x1024.jpg?strip=info&#038;w=900&#038;ssl=1 900w,https:\/\/i0.wp.com\/privid.si\/wp-content\/uploads\/2021\/08\/203997578_4099059703506906_1969974352372184360_n-2-730x1024.jpg?strip=info&#038;w=1200&#038;ssl=1 1200w,https:\/\/i0.wp.com\/privid.si\/wp-content\/uploads\/2021\/08\/203997578_4099059703506906_1969974352372184360_n-2-730x1024.jpg?strip=info&#038;w=1459&#038;ssl=1 1459w\" alt=\"\" data-height=\"2048\" data-id=\"193\" data-link=\"https:\/\/privid.si\/glasba\/2021\/06\/26\/pozor-muzika-na-cesti-na-festivalu-lent\/attachment\/203997578_4099059703506906_1969974352372184360_n-2\/\" data-url=\"https:\/\/privid.si\/wp-content\/uploads\/2021\/08\/203997578_4099059703506906_1969974352372184360_n-2-730x1024.jpg\" data-width=\"1459\" src=\"https:\/\/i0.wp.com\/privid.si\/wp-content\/uploads\/2021\/08\/203997578_4099059703506906_1969974352372184360_n-2-730x1024.jpg?ssl=1\" data-amp-layout=\"responsive\"\/><\/figure><\/div><div class=\"tiled-gallery__col\" style=\"flex-basis:14.25172%\"><figure class=\"tiled-gallery__item\"><img decoding=\"async\" data-attachment-id=\"192\" data-permalink=\"https:\/\/privid.si\/en\/glasba\/pozor-muzika-na-cesti-na-festivalu-lent\/attachment\/207302257_4099059710173572_6704335190362554678_n-2\/\" data-orig-file=\"https:\/\/i0.wp.com\/privid.si\/wp-content\/uploads\/2021\/08\/207302257_4099059710173572_6704335190362554678_n-2.jpg?fit=1443%2C2048&amp;ssl=1\" data-orig-size=\"1443,2048\" data-comments-opened=\"0\" data-image-meta=\"{&quot;aperture&quot;:&quot;0&quot;,&quot;credit&quot;:&quot;Picasa&quot;,&quot;camera&quot;:&quot;&quot;,&quot;caption&quot;:&quot;&quot;,&quot;created_timestamp&quot;:&quot;0&quot;,&quot;copyright&quot;:&quot;&quot;,&quot;focal_length&quot;:&quot;0&quot;,&quot;iso&quot;:&quot;0&quot;,&quot;shutter_speed&quot;:&quot;0&quot;,&quot;title&quot;:&quot;&quot;,&quot;orientation&quot;:&quot;0&quot;}\" data-image-title=\"207302257_4099059710173572_6704335190362554678_n-2\" data-image-description=\"\" data-image-caption=\"\" data-medium-file=\"https:\/\/i0.wp.com\/privid.si\/wp-content\/uploads\/2021\/08\/207302257_4099059710173572_6704335190362554678_n-2.jpg?fit=211%2C300&amp;ssl=1\" data-large-file=\"https:\/\/i0.wp.com\/privid.si\/wp-content\/uploads\/2021\/08\/207302257_4099059710173572_6704335190362554678_n-2.jpg?fit=722%2C1024&amp;ssl=1\" role=\"button\" tabindex=\"0\" aria-label=\"Open image 2 of 5 in full-screen\" srcset=\"https:\/\/i2.wp.com\/privid.si\/wp-content\/uploads\/2021\/08\/207302257_4099059710173572_6704335190362554678_n-2-722x1024.jpg?strip=info&#038;w=600&#038;ssl=1 600w,https:\/\/i2.wp.com\/privid.si\/wp-content\/uploads\/2021\/08\/207302257_4099059710173572_6704335190362554678_n-2-722x1024.jpg?strip=info&#038;w=900&#038;ssl=1 900w,https:\/\/i2.wp.com\/privid.si\/wp-content\/uploads\/2021\/08\/207302257_4099059710173572_6704335190362554678_n-2-722x1024.jpg?strip=info&#038;w=1200&#038;ssl=1 1200w,https:\/\/i2.wp.com\/privid.si\/wp-content\/uploads\/2021\/08\/207302257_4099059710173572_6704335190362554678_n-2-722x1024.jpg?strip=info&#038;w=1443&#038;ssl=1 1443w\" alt=\"\" data-height=\"2048\" data-id=\"192\" data-link=\"https:\/\/privid.si\/glasba\/2021\/06\/26\/pozor-muzika-na-cesti-na-festivalu-lent\/attachment\/207302257_4099059710173572_6704335190362554678_n-2\/\" data-url=\"https:\/\/privid.si\/wp-content\/uploads\/2021\/08\/207302257_4099059710173572_6704335190362554678_n-2-722x1024.jpg\" data-width=\"1443\" src=\"https:\/\/i2.wp.com\/privid.si\/wp-content\/uploads\/2021\/08\/207302257_4099059710173572_6704335190362554678_n-2-722x1024.jpg?ssl=1\" data-amp-layout=\"responsive\"\/><\/figure><\/div><div class=\"tiled-gallery__col\" style=\"flex-basis:30.10135%\"><figure class=\"tiled-gallery__item\"><img decoding=\"async\" data-attachment-id=\"190\" data-permalink=\"https:\/\/privid.si\/en\/glasba\/pozor-muzika-na-cesti-na-festivalu-lent\/attachment\/206759713_4099059766840233_8333870630297705407_n-2\/\" data-orig-file=\"https:\/\/i0.wp.com\/privid.si\/wp-content\/uploads\/2021\/08\/206759713_4099059766840233_8333870630297705407_n-2.jpg?fit=2048%2C1371&amp;ssl=1\" data-orig-size=\"2048,1371\" data-comments-opened=\"0\" data-image-meta=\"{&quot;aperture&quot;:&quot;0&quot;,&quot;credit&quot;:&quot;Picasa&quot;,&quot;camera&quot;:&quot;&quot;,&quot;caption&quot;:&quot;&quot;,&quot;created_timestamp&quot;:&quot;0&quot;,&quot;copyright&quot;:&quot;&quot;,&quot;focal_length&quot;:&quot;0&quot;,&quot;iso&quot;:&quot;0&quot;,&quot;shutter_speed&quot;:&quot;0&quot;,&quot;title&quot;:&quot;&quot;,&quot;orientation&quot;:&quot;0&quot;}\" data-image-title=\"206759713_4099059766840233_8333870630297705407_n-2\" data-image-description=\"\" data-image-caption=\"\" data-medium-file=\"https:\/\/i0.wp.com\/privid.si\/wp-content\/uploads\/2021\/08\/206759713_4099059766840233_8333870630297705407_n-2.jpg?fit=300%2C201&amp;ssl=1\" data-large-file=\"https:\/\/i0.wp.com\/privid.si\/wp-content\/uploads\/2021\/08\/206759713_4099059766840233_8333870630297705407_n-2.jpg?fit=1024%2C686&amp;ssl=1\" role=\"button\" tabindex=\"0\" aria-label=\"Open image 3 of 5 in full-screen\" srcset=\"https:\/\/i0.wp.com\/privid.si\/wp-content\/uploads\/2021\/08\/206759713_4099059766840233_8333870630297705407_n-2-1024x686.jpg?strip=info&#038;w=600&#038;ssl=1 600w,https:\/\/i0.wp.com\/privid.si\/wp-content\/uploads\/2021\/08\/206759713_4099059766840233_8333870630297705407_n-2-1024x686.jpg?strip=info&#038;w=900&#038;ssl=1 900w,https:\/\/i0.wp.com\/privid.si\/wp-content\/uploads\/2021\/08\/206759713_4099059766840233_8333870630297705407_n-2-1024x686.jpg?strip=info&#038;w=1200&#038;ssl=1 1200w,https:\/\/i0.wp.com\/privid.si\/wp-content\/uploads\/2021\/08\/206759713_4099059766840233_8333870630297705407_n-2-1024x686.jpg?strip=info&#038;w=1500&#038;ssl=1 1500w,https:\/\/i0.wp.com\/privid.si\/wp-content\/uploads\/2021\/08\/206759713_4099059766840233_8333870630297705407_n-2-1024x686.jpg?strip=info&#038;w=1800&#038;ssl=1 1800w,https:\/\/i0.wp.com\/privid.si\/wp-content\/uploads\/2021\/08\/206759713_4099059766840233_8333870630297705407_n-2-1024x686.jpg?strip=info&#038;w=2000&#038;ssl=1 2000w\" alt=\"\" data-height=\"1371\" data-id=\"190\" data-link=\"https:\/\/privid.si\/glasba\/2021\/06\/26\/pozor-muzika-na-cesti-na-festivalu-lent\/attachment\/206759713_4099059766840233_8333870630297705407_n-2\/\" data-url=\"https:\/\/privid.si\/wp-content\/uploads\/2021\/08\/206759713_4099059766840233_8333870630297705407_n-2-1024x686.jpg\" data-width=\"2048\" src=\"https:\/\/i0.wp.com\/privid.si\/wp-content\/uploads\/2021\/08\/206759713_4099059766840233_8333870630297705407_n-2-1024x686.jpg?ssl=1\" data-amp-layout=\"responsive\"\/><\/figure><\/div><div class=\"tiled-gallery__col\" style=\"flex-basis:26.87871%\"><figure class=\"tiled-gallery__item\"><img decoding=\"async\" data-attachment-id=\"164\" data-permalink=\"https:\/\/privid.si\/en\/glasba\/ptujska-noc-2021\/attachment\/img_9748\/\" data-orig-file=\"https:\/\/i0.wp.com\/privid.si\/wp-content\/uploads\/2021\/07\/IMG_9748-scaled.jpg?fit=2560%2C1920&amp;ssl=1\" data-orig-size=\"2560,1920\" data-comments-opened=\"0\" data-image-meta=\"{&quot;aperture&quot;:&quot;1.6&quot;,&quot;credit&quot;:&quot;&quot;,&quot;camera&quot;:&quot;iPhone 12 mini&quot;,&quot;caption&quot;:&quot;&quot;,&quot;created_timestamp&quot;:&quot;1627767260&quot;,&quot;copyright&quot;:&quot;&quot;,&quot;focal_length&quot;:&quot;4.2&quot;,&quot;iso&quot;:&quot;250&quot;,&quot;shutter_speed&quot;:&quot;0.02&quot;,&quot;title&quot;:&quot;&quot;,&quot;orientation&quot;:&quot;1&quot;}\" data-image-title=\"IMG_9748\" data-image-description=\"\" data-image-caption=\"\" data-medium-file=\"https:\/\/i0.wp.com\/privid.si\/wp-content\/uploads\/2021\/07\/IMG_9748-scaled.jpg?fit=300%2C225&amp;ssl=1\" data-large-file=\"https:\/\/i0.wp.com\/privid.si\/wp-content\/uploads\/2021\/07\/IMG_9748-scaled.jpg?fit=1024%2C768&amp;ssl=1\" role=\"button\" tabindex=\"0\" aria-label=\"Open image 4 of 5 in full-screen\" srcset=\"https:\/\/i1.wp.com\/privid.si\/wp-content\/uploads\/2021\/07\/IMG_9748-1024x768.jpg?strip=info&#038;w=600&#038;ssl=1 600w,https:\/\/i1.wp.com\/privid.si\/wp-content\/uploads\/2021\/07\/IMG_9748-1024x768.jpg?strip=info&#038;w=900&#038;ssl=1 900w,https:\/\/i1.wp.com\/privid.si\/wp-content\/uploads\/2021\/07\/IMG_9748-1024x768.jpg?strip=info&#038;w=1200&#038;ssl=1 1200w,https:\/\/i1.wp.com\/privid.si\/wp-content\/uploads\/2021\/07\/IMG_9748-1024x768.jpg?strip=info&#038;w=1500&#038;ssl=1 1500w,https:\/\/i1.wp.com\/privid.si\/wp-content\/uploads\/2021\/07\/IMG_9748-1024x768.jpg?strip=info&#038;w=1800&#038;ssl=1 1800w,https:\/\/i1.wp.com\/privid.si\/wp-content\/uploads\/2021\/07\/IMG_9748-1024x768.jpg?strip=info&#038;w=2000&#038;ssl=1 2000w\" alt=\"\" data-height=\"1920\" data-id=\"164\" data-link=\"https:\/\/privid.si\/glasba\/2021\/07\/31\/ptujska-noc-2021\/attachment\/img_9748\/\" data-url=\"https:\/\/privid.si\/wp-content\/uploads\/2021\/07\/IMG_9748-1024x768.jpg\" data-width=\"2560\" src=\"https:\/\/i1.wp.com\/privid.si\/wp-content\/uploads\/2021\/07\/IMG_9748-1024x768.jpg?ssl=1\" data-amp-layout=\"responsive\"\/><\/figure><\/div><div class=\"tiled-gallery__col\" style=\"flex-basis:14.35959%\"><figure class=\"tiled-gallery__item\"><img decoding=\"async\" data-attachment-id=\"191\" data-permalink=\"https:\/\/privid.si\/en\/glasba\/pozor-muzika-na-cesti-na-festivalu-lent\/attachment\/205668196_4099059790173564_7645154710131330654_n-2\/\" data-orig-file=\"https:\/\/i0.wp.com\/privid.si\/wp-content\/uploads\/2021\/08\/205668196_4099059790173564_7645154710131330654_n-2.jpg?fit=1454%2C2048&amp;ssl=1\" data-orig-size=\"1454,2048\" data-comments-opened=\"0\" data-image-meta=\"{&quot;aperture&quot;:&quot;0&quot;,&quot;credit&quot;:&quot;Picasa&quot;,&quot;camera&quot;:&quot;&quot;,&quot;caption&quot;:&quot;&quot;,&quot;created_timestamp&quot;:&quot;0&quot;,&quot;copyright&quot;:&quot;&quot;,&quot;focal_length&quot;:&quot;0&quot;,&quot;iso&quot;:&quot;0&quot;,&quot;shutter_speed&quot;:&quot;0&quot;,&quot;title&quot;:&quot;&quot;,&quot;orientation&quot;:&quot;0&quot;}\" data-image-title=\"205668196_4099059790173564_7645154710131330654_n-2\" data-image-description=\"\" data-image-caption=\"\" data-medium-file=\"https:\/\/i0.wp.com\/privid.si\/wp-content\/uploads\/2021\/08\/205668196_4099059790173564_7645154710131330654_n-2.jpg?fit=213%2C300&amp;ssl=1\" data-large-file=\"https:\/\/i0.wp.com\/privid.si\/wp-content\/uploads\/2021\/08\/205668196_4099059790173564_7645154710131330654_n-2.jpg?fit=727%2C1024&amp;ssl=1\" role=\"button\" tabindex=\"0\" aria-label=\"Open image 5 of 5 in full-screen\" srcset=\"https:\/\/i2.wp.com\/privid.si\/wp-content\/uploads\/2021\/08\/205668196_4099059790173564_7645154710131330654_n-2-727x1024.jpg?strip=info&#038;w=600&#038;ssl=1 600w,https:\/\/i2.wp.com\/privid.si\/wp-content\/uploads\/2021\/08\/205668196_4099059790173564_7645154710131330654_n-2-727x1024.jpg?strip=info&#038;w=900&#038;ssl=1 900w,https:\/\/i2.wp.com\/privid.si\/wp-content\/uploads\/2021\/08\/205668196_4099059790173564_7645154710131330654_n-2-727x1024.jpg?strip=info&#038;w=1200&#038;ssl=1 1200w,https:\/\/i2.wp.com\/privid.si\/wp-content\/uploads\/2021\/08\/205668196_4099059790173564_7645154710131330654_n-2-727x1024.jpg?strip=info&#038;w=1454&#038;ssl=1 1454w\" alt=\"\" data-height=\"2048\" data-id=\"191\" data-link=\"https:\/\/privid.si\/glasba\/2021\/06\/26\/pozor-muzika-na-cesti-na-festivalu-lent\/attachment\/205668196_4099059790173564_7645154710131330654_n-2\/\" data-url=\"https:\/\/privid.si\/wp-content\/uploads\/2021\/08\/205668196_4099059790173564_7645154710131330654_n-2-727x1024.jpg\" data-width=\"1454\" src=\"https:\/\/i2.wp.com\/privid.si\/wp-content\/uploads\/2021\/08\/205668196_4099059790173564_7645154710131330654_n-2-727x1024.jpg?ssl=1\" data-amp-layout=\"responsive\"\/><\/figure><\/div><\/div><\/div><\/div><\/div>\n\n\n\n<div class=\"wp-block-buttons is-horizontal is-content-justification-center is-layout-flex wp-container-core-buttons-is-layout-03627597 wp-block-buttons-is-layout-flex\">\n<div class=\"wp-block-button\"><a class=\"wp-block-button__link wp-element-button\" href=\"https:\/\/www.dropbox.com\/sh\/21etg81kyt3hepx\/AAB8seLn4OxQ4q_Lmd7hbUNha?dl=0\">Medijske datoteke<\/a><\/div>\n<\/div>","protected":false},"excerpt":{"rendered":"<p>D\u017eezovska zasedba z nostalgi\u010dnimi avtorskimi popevkami in priredbami zimzelenih standardov.<\/p>","protected":false},"author":1,"featured_media":2120,"parent":0,"menu_order":0,"comment_status":"closed","ping_status":"closed","template":"","meta":{"inline_featured_image":false,"advanced_seo_description":"","jetpack_seo_html_title":"","jetpack_seo_noindex":false,"_vp_format_video_url":"","_vp_image_focal_point":{"x":0.63,"y":0.33},"footnotes":""},"tags":[],"class_list":["post-497","page","type-page","status-publish","has-post-thumbnail","hentry"],"jetpack_shortlink":"https:\/\/wp.me\/Pdh6Hw-81","jetpack_sharing_enabled":true,"_links":{"self":[{"href":"https:\/\/privid.si\/en\/wp-json\/wp\/v2\/pages\/497","targetHints":{"allow":["GET"]}}],"collection":[{"href":"https:\/\/privid.si\/en\/wp-json\/wp\/v2\/pages"}],"about":[{"href":"https:\/\/privid.si\/en\/wp-json\/wp\/v2\/types\/page"}],"author":[{"embeddable":true,"href":"https:\/\/privid.si\/en\/wp-json\/wp\/v2\/users\/1"}],"replies":[{"embeddable":true,"href":"https:\/\/privid.si\/en\/wp-json\/wp\/v2\/comments?post=497"}],"version-history":[{"count":45,"href":"https:\/\/privid.si\/en\/wp-json\/wp\/v2\/pages\/497\/revisions"}],"predecessor-version":[{"id":4668,"href":"https:\/\/privid.si\/en\/wp-json\/wp\/v2\/pages\/497\/revisions\/4668"}],"wp:featuredmedia":[{"embeddable":true,"href":"https:\/\/privid.si\/en\/wp-json\/wp\/v2\/media\/2120"}],"wp:attachment":[{"href":"https:\/\/privid.si\/en\/wp-json\/wp\/v2\/media?parent=497"}],"wp:term":[{"taxonomy":"post_tag","embeddable":true,"href":"https:\/\/privid.si\/en\/wp-json\/wp\/v2\/tags?post=497"}],"curies":[{"name":"wp","href":"https:\/\/api.w.org\/{rel}","templated":true}]}}